{"id":324,"date":"2025-11-23T13:57:36","date_gmt":"2025-11-23T13:57:36","guid":{"rendered":"https:\/\/bikewarden.fi\/?post_type=product&#038;p=324"},"modified":"2025-12-03T16:39:53","modified_gmt":"2025-12-03T16:39:53","slug":"smart-tag-paikannin","status":"publish","type":"product","link":"https:\/\/bikewarden.fi\/index.php\/tuote\/smart-tag-paikannin\/","title":{"rendered":"Smart Tag &#8211; GPS paikannin (Android)"},"content":{"rendered":"<h2 data-start=\"314\" data-end=\"406\"><strong data-start=\"317\" data-end=\"406\">Smart Tag -paikannin \u2013 Tehokas Bluetooth-paikannin avaimille, laukkuihin ja lemmikeille<\/strong><\/h2>\n<p data-start=\"408\" data-end=\"794\">Smart Tag on kevyt ja helppok\u00e4ytt\u00f6inen <strong data-start=\"447\" data-end=\"470\">Bluetooth-paikannin<\/strong>, joka auttaa l\u00f6yt\u00e4m\u00e4\u00e4n kadonneet avaimet, lompakon, repun tai lemmikin. \u00a0Paikannin toimii suoraan Androidin <em data-start=\"1733\" data-end=\"1767\">Find My Device \/ Find My Network<\/em> -j\u00e4rjestelm\u00e4n kanssa \u2014 ei tarvita erillisi\u00e4 sovelluksia eik\u00e4 kuukausimaksuja. Paikannus hy\u00f6dynt\u00e4\u00e4 l\u00e4hell\u00e4 olevia puhelimia ja bluetooth- laitteita, joten paikantimen sijainti p\u00e4ivittyy automaattisesti ja n\u00e4ytt\u00e4\u00e4 viimeisen sijainnin kartalla. Paikannin ei vaadi SIM-korttia eik\u00e4 siin\u00e4 ole kuukausimaksuja \u2013 se hy\u00f6dynt\u00e4\u00e4 puhelimen Bluetoothia ja verkostoa ymp\u00e4rill\u00e4si olevien k\u00e4ytt\u00e4jien kautta.<\/p>\n<p data-start=\"408\" data-end=\"794\">Paikantimen kautta voi soittaa \u00e4\u00e4nimerkki\u00e4, joten l\u00f6yd\u00e4t kadonneen tavarasi helpommin.<\/p>\n<p data-start=\"796\" data-end=\"1107\"><strong data-start=\"796\" data-end=\"863\">CR2032-paristolla toimiva Smart Tag kest\u00e4\u00e4 k\u00e4yt\u00f6ss\u00e4 jopa vuoden<\/strong>, ja pariston voi vaihtaa itse. IPX6-roiskevesisuojaus tekee siit\u00e4 turvallisen k\u00e4ytt\u00e4\u00e4 my\u00f6s ulkona. Kompakti ABS-runko painaa vain 9,5 grammaa, joten se ei h\u00e4iritse p\u00e4ivitt\u00e4isess\u00e4 k\u00e4yt\u00f6ss\u00e4.<\/p>\n<p data-start=\"796\" data-end=\"1107\"><strong>Jokaisen tagin mukana toimitetaan avaimenper\u00e4, johon paikantimen voi laittaa!<\/strong><\/p>\n","protected":false},"excerpt":{"rendered":"<p>Kompakti Bluetooth-paikannin avaimille, laukkuun ja lemmikeille. N\u00e4ytt\u00e4\u00e4 viimeisen sijainnin, tukee Lost Mode -tilaa ja toimii Android puhelimilla. Vaihdettava CR2032-paristo kest\u00e4\u00e4 jopa vuoden ja IPX6-suojaus varmistaa k\u00e4yt\u00f6n arjessa.<\/p>\n","protected":false},"featured_media":346,"comment_status":"open","ping_status":"closed","template":"","meta":[],"product_brand":[],"product_cat":[51,17],"product_tag":[50,49],"class_list":{"0":"post-324","1":"product","2":"type-product","3":"status-publish","4":"has-post-thumbnail","6":"product_cat-smart-tag-paikannin","7":"product_cat-yleinen","8":"product_tag-gps-paikannin","9":"product_tag-smart-tag","11":"first","12":"instock","13":"taxable","14":"shipping-taxable","15":"purchasable","16":"product-type-simple"},"yoast_head":"<!-- This site is optimized with the Yoast SEO plugin v27.1.1 - https:\/\/yoast.com\/product\/yoast-seo-wordpress\/ -->\n<title>Smart Tag - GPS paikannin (Android) - BikeWarden<\/title>\n<meta name=\"description\" content=\"Kevyt Smart Tag -paikannin avaimiin, laukkuihin ja lemmikeille. Bluetooth-seuranta, vuoden paristokesto ja IPX6-suojaus. Ei SIM-korttia tai kuukausimaksuja.\" \/>\n<meta name=\"robots\" content=\"index, follow, max-snippet:-1, max-image-preview:large, max-video-preview:-1\" \/>\n<link rel=\"canonical\" href=\"https:\/\/bikewarden.fi\/index.php\/tuote\/smart-tag-paikannin\/\" \/>\n<meta property=\"og:locale\" content=\"fi_FI\" \/>\n<meta property=\"og:type\" content=\"article\" \/>\n<meta property=\"og:title\" content=\"Smart Tag - GPS paikannin (Android) - BikeWarden\" \/>\n<meta property=\"og:description\" content=\"Kevyt Smart Tag -paikannin avaimiin, laukkuihin ja lemmikeille. Bluetooth-seuranta, vuoden paristokesto ja IPX6-suojaus. Ei SIM-korttia tai kuukausimaksuja.\" \/>\n<meta property=\"og:url\" content=\"https:\/\/bikewarden.fi\/index.php\/tuote\/smart-tag-paikannin\/\" \/>\n<meta property=\"og:site_name\" content=\"BikeWarden\" \/>\n<meta property=\"article:publisher\" content=\"https:\/\/www.facebook.com\/profile.php?id=61580746236894\" \/>\n<meta property=\"article:modified_time\" content=\"2025-12-03T16:39:53+00:00\" \/>\n<meta property=\"og:image\" content=\"https:\/\/bikewarden.fi\/wp-content\/uploads\/2025\/11\/Tracker.png\" \/>\n\t<meta property=\"og:image:width\" content=\"829\" \/>\n\t<meta property=\"og:image:height\" content=\"817\" \/>\n\t<meta property=\"og:image:type\" content=\"image\/png\" \/>\n<meta name=\"twitter:card\" content=\"summary_large_image\" \/>\n<meta name=\"twitter:label1\" content=\"Arvioitu lukuaika\" \/>\n\t<meta name=\"twitter:data1\" content=\"2 minuuttia\" \/>\n<script type=\"application\/ld+json\" class=\"yoast-schema-graph\">{\"@context\":\"https:\/\/schema.org\",\"@graph\":[{\"@type\":\"WebPage\",\"@id\":\"https:\/\/bikewarden.fi\/index.php\/tuote\/smart-tag-paikannin\/\",\"url\":\"https:\/\/bikewarden.fi\/index.php\/tuote\/smart-tag-paikannin\/\",\"name\":\"Smart Tag - GPS paikannin (Android) - BikeWarden\",\"isPartOf\":{\"@id\":\"https:\/\/bikewarden.fi\/#website\"},\"primaryImageOfPage\":{\"@id\":\"https:\/\/bikewarden.fi\/index.php\/tuote\/smart-tag-paikannin\/#primaryimage\"},\"image\":{\"@id\":\"https:\/\/bikewarden.fi\/index.php\/tuote\/smart-tag-paikannin\/#primaryimage\"},\"thumbnailUrl\":\"https:\/\/bikewarden.fi\/wp-content\/uploads\/2025\/11\/Tracker.png\",\"datePublished\":\"2025-11-23T13:57:36+00:00\",\"dateModified\":\"2025-12-03T16:39:53+00:00\",\"description\":\"Kevyt Smart Tag -paikannin avaimiin, laukkuihin ja lemmikeille. Bluetooth-seuranta, vuoden paristokesto ja IPX6-suojaus. Ei SIM-korttia tai kuukausimaksuja.\",\"breadcrumb\":{\"@id\":\"https:\/\/bikewarden.fi\/index.php\/tuote\/smart-tag-paikannin\/#breadcrumb\"},\"inLanguage\":\"fi\",\"potentialAction\":[{\"@type\":\"ReadAction\",\"target\":[\"https:\/\/bikewarden.fi\/index.php\/tuote\/smart-tag-paikannin\/\"]}]},{\"@type\":\"ImageObject\",\"inLanguage\":\"fi\",\"@id\":\"https:\/\/bikewarden.fi\/index.php\/tuote\/smart-tag-paikannin\/#primaryimage\",\"url\":\"https:\/\/bikewarden.fi\/wp-content\/uploads\/2025\/11\/Tracker.png\",\"contentUrl\":\"https:\/\/bikewarden.fi\/wp-content\/uploads\/2025\/11\/Tracker.png\",\"width\":829,\"height\":817},{\"@type\":\"BreadcrumbList\",\"@id\":\"https:\/\/bikewarden.fi\/index.php\/tuote\/smart-tag-paikannin\/#breadcrumb\",\"itemListElement\":[{\"@type\":\"ListItem\",\"position\":1,\"name\":\"Etusivu\",\"item\":\"https:\/\/bikewarden.fi\/\"},{\"@type\":\"ListItem\",\"position\":2,\"name\":\"Kauppa\",\"item\":\"https:\/\/bikewarden.fi\/\"},{\"@type\":\"ListItem\",\"position\":3,\"name\":\"Smart Tag &#8211; GPS paikannin (Android)\"}]},{\"@type\":\"WebSite\",\"@id\":\"https:\/\/bikewarden.fi\/#website\",\"url\":\"https:\/\/bikewarden.fi\/\",\"name\":\"BikeWarden\",\"description\":\"BikeWarden \u2013 Huomaamattomat GPS-paikantimet py\u00f6r\u00e4si turvaksi.\",\"publisher\":{\"@id\":\"https:\/\/bikewarden.fi\/#organization\"},\"potentialAction\":[{\"@type\":\"SearchAction\",\"target\":{\"@type\":\"EntryPoint\",\"urlTemplate\":\"https:\/\/bikewarden.fi\/?s={search_term_string}\"},\"query-input\":{\"@type\":\"PropertyValueSpecification\",\"valueRequired\":true,\"valueName\":\"search_term_string\"}}],\"inLanguage\":\"fi\"},{\"@type\":\"Organization\",\"@id\":\"https:\/\/bikewarden.fi\/#organization\",\"name\":\"BikeWarden\",\"url\":\"https:\/\/bikewarden.fi\/\",\"logo\":{\"@type\":\"ImageObject\",\"inLanguage\":\"fi\",\"@id\":\"https:\/\/bikewarden.fi\/#\/schema\/logo\/image\/\",\"url\":\"https:\/\/bikewarden.fi\/wp-content\/uploads\/2025\/10\/Logo1.webp\",\"contentUrl\":\"https:\/\/bikewarden.fi\/wp-content\/uploads\/2025\/10\/Logo1.webp\",\"width\":927,\"height\":630,\"caption\":\"BikeWarden\"},\"image\":{\"@id\":\"https:\/\/bikewarden.fi\/#\/schema\/logo\/image\/\"},\"sameAs\":[\"https:\/\/www.facebook.com\/profile.php?id=61580746236894\",\"https:\/\/www.instagram.com\/bikewarden_official\/\"]}]}<\/script>\n<!-- \/ Yoast SEO plugin. -->","yoast_head_json":{"title":"Smart Tag - GPS paikannin (Android) - BikeWarden","description":"Kevyt Smart Tag -paikannin avaimiin, laukkuihin ja lemmikeille. Bluetooth-seuranta, vuoden paristokesto ja IPX6-suojaus. Ei SIM-korttia tai kuukausimaksuja.","robots":{"index":"index","follow":"follow","max-snippet":"max-snippet:-1","max-image-preview":"max-image-preview:large","max-video-preview":"max-video-preview:-1"},"canonical":"https:\/\/bikewarden.fi\/index.php\/tuote\/smart-tag-paikannin\/","og_locale":"fi_FI","og_type":"article","og_title":"Smart Tag - GPS paikannin (Android) - BikeWarden","og_description":"Kevyt Smart Tag -paikannin avaimiin, laukkuihin ja lemmikeille. Bluetooth-seuranta, vuoden paristokesto ja IPX6-suojaus. Ei SIM-korttia tai kuukausimaksuja.","og_url":"https:\/\/bikewarden.fi\/index.php\/tuote\/smart-tag-paikannin\/","og_site_name":"BikeWarden","article_publisher":"https:\/\/www.facebook.com\/profile.php?id=61580746236894","article_modified_time":"2025-12-03T16:39:53+00:00","og_image":[{"width":829,"height":817,"url":"https:\/\/bikewarden.fi\/wp-content\/uploads\/2025\/11\/Tracker.png","type":"image\/png"}],"twitter_card":"summary_large_image","twitter_misc":{"Arvioitu lukuaika":"2 minuuttia"},"schema":{"@context":"https:\/\/schema.org","@graph":[{"@type":"WebPage","@id":"https:\/\/bikewarden.fi\/index.php\/tuote\/smart-tag-paikannin\/","url":"https:\/\/bikewarden.fi\/index.php\/tuote\/smart-tag-paikannin\/","name":"Smart Tag - GPS paikannin (Android) - BikeWarden","isPartOf":{"@id":"https:\/\/bikewarden.fi\/#website"},"primaryImageOfPage":{"@id":"https:\/\/bikewarden.fi\/index.php\/tuote\/smart-tag-paikannin\/#primaryimage"},"image":{"@id":"https:\/\/bikewarden.fi\/index.php\/tuote\/smart-tag-paikannin\/#primaryimage"},"thumbnailUrl":"https:\/\/bikewarden.fi\/wp-content\/uploads\/2025\/11\/Tracker.png","datePublished":"2025-11-23T13:57:36+00:00","dateModified":"2025-12-03T16:39:53+00:00","description":"Kevyt Smart Tag -paikannin avaimiin, laukkuihin ja lemmikeille. Bluetooth-seuranta, vuoden paristokesto ja IPX6-suojaus. Ei SIM-korttia tai kuukausimaksuja.","breadcrumb":{"@id":"https:\/\/bikewarden.fi\/index.php\/tuote\/smart-tag-paikannin\/#breadcrumb"},"inLanguage":"fi","potentialAction":[{"@type":"ReadAction","target":["https:\/\/bikewarden.fi\/index.php\/tuote\/smart-tag-paikannin\/"]}]},{"@type":"ImageObject","inLanguage":"fi","@id":"https:\/\/bikewarden.fi\/index.php\/tuote\/smart-tag-paikannin\/#primaryimage","url":"https:\/\/bikewarden.fi\/wp-content\/uploads\/2025\/11\/Tracker.png","contentUrl":"https:\/\/bikewarden.fi\/wp-content\/uploads\/2025\/11\/Tracker.png","width":829,"height":817},{"@type":"BreadcrumbList","@id":"https:\/\/bikewarden.fi\/index.php\/tuote\/smart-tag-paikannin\/#breadcrumb","itemListElement":[{"@type":"ListItem","position":1,"name":"Etusivu","item":"https:\/\/bikewarden.fi\/"},{"@type":"ListItem","position":2,"name":"Kauppa","item":"https:\/\/bikewarden.fi\/"},{"@type":"ListItem","position":3,"name":"Smart Tag &#8211; GPS paikannin (Android)"}]},{"@type":"WebSite","@id":"https:\/\/bikewarden.fi\/#website","url":"https:\/\/bikewarden.fi\/","name":"BikeWarden","description":"BikeWarden \u2013 Huomaamattomat GPS-paikantimet py\u00f6r\u00e4si turvaksi.","publisher":{"@id":"https:\/\/bikewarden.fi\/#organization"},"potentialAction":[{"@type":"SearchAction","target":{"@type":"EntryPoint","urlTemplate":"https:\/\/bikewarden.fi\/?s={search_term_string}"},"query-input":{"@type":"PropertyValueSpecification","valueRequired":true,"valueName":"search_term_string"}}],"inLanguage":"fi"},{"@type":"Organization","@id":"https:\/\/bikewarden.fi\/#organization","name":"BikeWarden","url":"https:\/\/bikewarden.fi\/","logo":{"@type":"ImageObject","inLanguage":"fi","@id":"https:\/\/bikewarden.fi\/#\/schema\/logo\/image\/","url":"https:\/\/bikewarden.fi\/wp-content\/uploads\/2025\/10\/Logo1.webp","contentUrl":"https:\/\/bikewarden.fi\/wp-content\/uploads\/2025\/10\/Logo1.webp","width":927,"height":630,"caption":"BikeWarden"},"image":{"@id":"https:\/\/bikewarden.fi\/#\/schema\/logo\/image\/"},"sameAs":["https:\/\/www.facebook.com\/profile.php?id=61580746236894","https:\/\/www.instagram.com\/bikewarden_official\/"]}]}},"jetpack_sharing_enabled":true,"_links":{"self":[{"href":"https:\/\/bikewarden.fi\/index.php\/wp-json\/wp\/v2\/product\/324","targetHints":{"allow":["GET"]}}],"collection":[{"href":"https:\/\/bikewarden.fi\/index.php\/wp-json\/wp\/v2\/product"}],"about":[{"href":"https:\/\/bikewarden.fi\/index.php\/wp-json\/wp\/v2\/types\/product"}],"replies":[{"embeddable":true,"href":"https:\/\/bikewarden.fi\/index.php\/wp-json\/wp\/v2\/comments?post=324"}],"wp:featuredmedia":[{"embeddable":true,"href":"https:\/\/bikewarden.fi\/index.php\/wp-json\/wp\/v2\/media\/346"}],"wp:attachment":[{"href":"https:\/\/bikewarden.fi\/index.php\/wp-json\/wp\/v2\/media?parent=324"}],"wp:term":[{"taxonomy":"product_brand","embeddable":true,"href":"https:\/\/bikewarden.fi\/index.php\/wp-json\/wp\/v2\/product_brand?post=324"},{"taxonomy":"product_cat","embeddable":true,"href":"https:\/\/bikewarden.fi\/index.php\/wp-json\/wp\/v2\/product_cat?post=324"},{"taxonomy":"product_tag","embeddable":true,"href":"https:\/\/bikewarden.fi\/index.php\/wp-json\/wp\/v2\/product_tag?post=324"}],"curies":[{"name":"wp","href":"https:\/\/api.w.org\/{rel}","templated":true}]}}