{"id":118,"date":"2025-10-15T13:17:09","date_gmt":"2025-10-15T13:17:09","guid":{"rendered":"https:\/\/bikewarden.fi\/?post_type=product&#038;p=118"},"modified":"2025-12-03T15:45:10","modified_gmt":"2025-12-03T15:45:10","slug":"bikewarden-heijastin-paikantimella","status":"publish","type":"product","link":"https:\/\/bikewarden.fi\/index.php\/tuote\/bikewarden-heijastin-paikantimella\/","title":{"rendered":"BikeWarden heijastin paikantimella &#8211; Find My (Apple)"},"content":{"rendered":"<h2 data-start=\"196\" data-end=\"246\"><strong data-start=\"202\" data-end=\"246\">BikeWarden heijastin \u2013 Find My (Apple)<\/strong><\/h2>\n<p>&nbsp;<\/p>\n<p data-start=\"248\" data-end=\"336\"><strong data-start=\"277\" data-end=\"336\">Huomaamaton heijastin\u2013 Find My (Apple)<\/strong><\/p>\n<p data-start=\"248\" data-end=\"336\">Suojaa py\u00f6r\u00e4si fiksusti, edullisesti ja huomaamattomasti. BikeWarden heijastin sis\u00e4lt\u00e4\u00e4 piilotetun paikantimen, joka toimii suoraan Applen <em data-start=\"494\" data-end=\"503\">Find My<\/em> -verkossa \u2014 ei tarvita erillisi\u00e4 sovelluksia eik\u00e4 kuukausimaksuja. Paikannus hy\u00f6dynt\u00e4\u00e4 l\u00e4hell\u00e4 olevia puhelimia ja bluetooth- laitteita, joten py\u00f6r\u00e4si sijainti p\u00e4ivittyy automaattisesti.<\/p>\n<p data-start=\"621\" data-end=\"640\"><strong data-start=\"621\" data-end=\"638\">Ominaisuudet:<\/strong><\/p>\n<ul data-start=\"641\" data-end=\"912\">\n<li data-start=\"641\" data-end=\"688\">\n<p data-start=\"643\" data-end=\"688\">Huomaamaton paikannin heijastimen sis\u00e4ll\u00e4<\/p>\n<\/li>\n<li data-start=\"689\" data-end=\"739\">\n<p data-start=\"691\" data-end=\"739\">Suora yhteensopivuus Apple <em data-start=\"718\" data-end=\"727\">Find My<\/em> -verkkoon<\/p>\n<\/li>\n<li data-start=\"740\" data-end=\"793\">\n<p data-start=\"742\" data-end=\"793\">Vaihdettava CR2032-paristo, k\u00e4ytt\u00f6aika jopa 12 kk<\/p>\n<\/li>\n<li data-start=\"794\" data-end=\"831\">\n<p data-start=\"796\" data-end=\"831\">Ei SIM-korttia, ei kuukausikuluja<\/p>\n<\/li>\n<li data-start=\"832\" data-end=\"873\">\n<p data-start=\"834\" data-end=\"873\">S\u00e4\u00e4nkest\u00e4v\u00e4 ja tukeva rakenne<\/p>\n<\/li>\n<li data-start=\"874\" data-end=\"912\">\n<p data-start=\"876\" data-end=\"912\">Mukana asennustarvikkeet ja ohjeet<\/p>\n<\/li>\n<li data-start=\"874\" data-end=\"912\">Soveltuva n. 28mm satulaputkelle<\/li>\n<\/ul>\n<p data-start=\"914\" data-end=\"936\"><strong data-start=\"914\" data-end=\"934\">Tekniset tiedot:<\/strong><\/p>\n<ul data-start=\"937\" data-end=\"1051\">\n<li data-start=\"986\" data-end=\"1019\">\n<p data-start=\"988\" data-end=\"1019\">Materiaalit: muovi<\/p>\n<\/li>\n<li data-start=\"986\" data-end=\"1019\">Paino: 0,1kg<\/li>\n<li data-start=\"1020\" data-end=\"1051\">\n<p data-start=\"1022\" data-end=\"1051\">Sovellustuki: iOS (Find My)<\/p>\n<\/li>\n<\/ul>\n<p data-start=\"1053\" data-end=\"1233\"><br data-start=\"1080\" data-end=\"1083\" \/>Piilotettu py\u00f6r\u00e4n paikannin Find My -verkossa. BikeWarden py\u00f6r\u00e4n heijastin yhdist\u00e4\u00e4 huomaamattoman suojan ja Apple- paikannuspalvelun \u2013 ilman kuukausimaksuja.<\/p>\n","protected":false},"excerpt":{"rendered":"<p><strong data-start=\"1185\" data-end=\"1218\">Huomaamaton suoja py\u00f6r\u00e4llesi.<\/strong><\/p>\n<p><br data-start=\"1218\" data-end=\"1221\" \/>T\u00e4m\u00e4 laadukas heijastin k\u00e4tkee sis\u00e4\u00e4ns\u00e4 paikantimen, joka toimii suoraan Applen <em data-start=\"1303\" data-end=\"1312\">Find My<\/em> -verkossa \u2014 ilman erillisi\u00e4 sovelluksia tai kuukausimaksuja. N\u00e4et py\u00f6r\u00e4si sijainnin miss\u00e4 tahansa. Mukana paristo ja asennustarvikkeet.<\/p>\n","protected":false},"featured_media":341,"comment_status":"open","ping_status":"closed","template":"","meta":[],"product_brand":[22],"product_cat":[21],"product_tag":[31,25,29,27,23,32,28,35,26,24],"class_list":{"0":"post-118","1":"product","2":"type-product","3":"status-publish","4":"has-post-thumbnail","6":"product_brand-bikewarden","7":"product_cat-bikewarden-pyoran-heijastin-paikantimella","8":"product_tag-airtag","9":"product_tag-airtag-vaihtoehto","10":"product_tag-ei-kuukausimaksuja","11":"product_tag-ei-sovellusta","12":"product_tag-find-my-yhteensopiva","13":"product_tag-gps","14":"product_tag-gps-pyoraan","15":"product_tag-heijastin","16":"product_tag-piilotettu-gps","17":"product_tag-pyoran-paikannin","19":"first","20":"instock","21":"taxable","22":"shipping-taxable","23":"purchasable","24":"product-type-simple"},"yoast_head":"<!-- This site is optimized with the Yoast SEO plugin v27.1.1 - https:\/\/yoast.com\/product\/yoast-seo-wordpress\/ -->\n<title>BikeWarden heijastin paikantimella - Find My (Apple) - BikeWarden<\/title>\n<meta name=\"description\" content=\"Piilotettu paikannin polkupy\u00f6r\u00e4lle. Auttaa seuraamaan py\u00f6r\u00e4si sijaintia ja tuo mielenrauhaa varkaustilanteissa, edullisesti. BikeWarden \u2013 py\u00f6r\u00e4si turvana\" \/>\n<meta name=\"robots\" content=\"index, follow, max-snippet:-1, max-image-preview:large, max-video-preview:-1\" \/>\n<link rel=\"canonical\" href=\"https:\/\/bikewarden.fi\/index.php\/tuote\/bikewarden-heijastin-paikantimella\/\" \/>\n<meta property=\"og:locale\" content=\"fi_FI\" \/>\n<meta property=\"og:type\" content=\"article\" \/>\n<meta property=\"og:title\" content=\"BikeWarden heijastin paikantimella - Find My (Apple) - BikeWarden\" \/>\n<meta property=\"og:description\" content=\"Piilotettu paikannin polkupy\u00f6r\u00e4lle. Auttaa seuraamaan py\u00f6r\u00e4si sijaintia ja tuo mielenrauhaa varkaustilanteissa, edullisesti. BikeWarden \u2013 py\u00f6r\u00e4si turvana\" \/>\n<meta property=\"og:url\" content=\"https:\/\/bikewarden.fi\/index.php\/tuote\/bikewarden-heijastin-paikantimella\/\" \/>\n<meta property=\"og:site_name\" content=\"BikeWarden\" \/>\n<meta property=\"article:publisher\" content=\"https:\/\/www.facebook.com\/profile.php?id=61580746236894\" \/>\n<meta property=\"article:modified_time\" content=\"2025-12-03T15:45:10+00:00\" \/>\n<meta property=\"og:image\" content=\"https:\/\/bikewarden.fi\/wp-content\/uploads\/2025\/10\/Heijastin_Apple.webp\" \/>\n\t<meta property=\"og:image:width\" content=\"1024\" \/>\n\t<meta property=\"og:image:height\" content=\"1536\" \/>\n\t<meta property=\"og:image:type\" content=\"image\/webp\" \/>\n<meta name=\"twitter:card\" content=\"summary_large_image\" \/>\n<meta name=\"twitter:label1\" content=\"Arvioitu lukuaika\" \/>\n\t<meta name=\"twitter:data1\" content=\"1 minuutti\" \/>\n<script type=\"application\/ld+json\" class=\"yoast-schema-graph\">{\"@context\":\"https:\/\/schema.org\",\"@graph\":[{\"@type\":\"WebPage\",\"@id\":\"https:\/\/bikewarden.fi\/index.php\/tuote\/bikewarden-heijastin-paikantimella\/\",\"url\":\"https:\/\/bikewarden.fi\/index.php\/tuote\/bikewarden-heijastin-paikantimella\/\",\"name\":\"BikeWarden heijastin paikantimella - Find My (Apple) - BikeWarden\",\"isPartOf\":{\"@id\":\"https:\/\/bikewarden.fi\/#website\"},\"primaryImageOfPage\":{\"@id\":\"https:\/\/bikewarden.fi\/index.php\/tuote\/bikewarden-heijastin-paikantimella\/#primaryimage\"},\"image\":{\"@id\":\"https:\/\/bikewarden.fi\/index.php\/tuote\/bikewarden-heijastin-paikantimella\/#primaryimage\"},\"thumbnailUrl\":\"https:\/\/bikewarden.fi\/wp-content\/uploads\/2025\/10\/Heijastin_Apple.webp\",\"datePublished\":\"2025-10-15T13:17:09+00:00\",\"dateModified\":\"2025-12-03T15:45:10+00:00\",\"description\":\"Piilotettu paikannin polkupy\u00f6r\u00e4lle. Auttaa seuraamaan py\u00f6r\u00e4si sijaintia ja tuo mielenrauhaa varkaustilanteissa, edullisesti. BikeWarden \u2013 py\u00f6r\u00e4si turvana\",\"breadcrumb\":{\"@id\":\"https:\/\/bikewarden.fi\/index.php\/tuote\/bikewarden-heijastin-paikantimella\/#breadcrumb\"},\"inLanguage\":\"fi\",\"potentialAction\":[{\"@type\":\"ReadAction\",\"target\":[\"https:\/\/bikewarden.fi\/index.php\/tuote\/bikewarden-heijastin-paikantimella\/\"]}]},{\"@type\":\"ImageObject\",\"inLanguage\":\"fi\",\"@id\":\"https:\/\/bikewarden.fi\/index.php\/tuote\/bikewarden-heijastin-paikantimella\/#primaryimage\",\"url\":\"https:\/\/bikewarden.fi\/wp-content\/uploads\/2025\/10\/Heijastin_Apple.webp\",\"contentUrl\":\"https:\/\/bikewarden.fi\/wp-content\/uploads\/2025\/10\/Heijastin_Apple.webp\",\"width\":1024,\"height\":1536},{\"@type\":\"BreadcrumbList\",\"@id\":\"https:\/\/bikewarden.fi\/index.php\/tuote\/bikewarden-heijastin-paikantimella\/#breadcrumb\",\"itemListElement\":[{\"@type\":\"ListItem\",\"position\":1,\"name\":\"Etusivu\",\"item\":\"https:\/\/bikewarden.fi\/\"},{\"@type\":\"ListItem\",\"position\":2,\"name\":\"Kauppa\",\"item\":\"https:\/\/bikewarden.fi\/\"},{\"@type\":\"ListItem\",\"position\":3,\"name\":\"BikeWarden heijastin paikantimella &#8211; Find My (Apple)\"}]},{\"@type\":\"WebSite\",\"@id\":\"https:\/\/bikewarden.fi\/#website\",\"url\":\"https:\/\/bikewarden.fi\/\",\"name\":\"BikeWarden\",\"description\":\"BikeWarden \u2013 Huomaamattomat GPS-paikantimet py\u00f6r\u00e4si turvaksi.\",\"publisher\":{\"@id\":\"https:\/\/bikewarden.fi\/#organization\"},\"potentialAction\":[{\"@type\":\"SearchAction\",\"target\":{\"@type\":\"EntryPoint\",\"urlTemplate\":\"https:\/\/bikewarden.fi\/?s={search_term_string}\"},\"query-input\":{\"@type\":\"PropertyValueSpecification\",\"valueRequired\":true,\"valueName\":\"search_term_string\"}}],\"inLanguage\":\"fi\"},{\"@type\":\"Organization\",\"@id\":\"https:\/\/bikewarden.fi\/#organization\",\"name\":\"BikeWarden\",\"url\":\"https:\/\/bikewarden.fi\/\",\"logo\":{\"@type\":\"ImageObject\",\"inLanguage\":\"fi\",\"@id\":\"https:\/\/bikewarden.fi\/#\/schema\/logo\/image\/\",\"url\":\"https:\/\/bikewarden.fi\/wp-content\/uploads\/2025\/10\/Logo1.webp\",\"contentUrl\":\"https:\/\/bikewarden.fi\/wp-content\/uploads\/2025\/10\/Logo1.webp\",\"width\":927,\"height\":630,\"caption\":\"BikeWarden\"},\"image\":{\"@id\":\"https:\/\/bikewarden.fi\/#\/schema\/logo\/image\/\"},\"sameAs\":[\"https:\/\/www.facebook.com\/profile.php?id=61580746236894\",\"https:\/\/www.instagram.com\/bikewarden_official\/\"]}]}<\/script>\n<!-- \/ Yoast SEO plugin. -->","yoast_head_json":{"title":"BikeWarden heijastin paikantimella - Find My (Apple) - BikeWarden","description":"Piilotettu paikannin polkupy\u00f6r\u00e4lle. Auttaa seuraamaan py\u00f6r\u00e4si sijaintia ja tuo mielenrauhaa varkaustilanteissa, edullisesti. BikeWarden \u2013 py\u00f6r\u00e4si turvana","robots":{"index":"index","follow":"follow","max-snippet":"max-snippet:-1","max-image-preview":"max-image-preview:large","max-video-preview":"max-video-preview:-1"},"canonical":"https:\/\/bikewarden.fi\/index.php\/tuote\/bikewarden-heijastin-paikantimella\/","og_locale":"fi_FI","og_type":"article","og_title":"BikeWarden heijastin paikantimella - Find My (Apple) - BikeWarden","og_description":"Piilotettu paikannin polkupy\u00f6r\u00e4lle. Auttaa seuraamaan py\u00f6r\u00e4si sijaintia ja tuo mielenrauhaa varkaustilanteissa, edullisesti. BikeWarden \u2013 py\u00f6r\u00e4si turvana","og_url":"https:\/\/bikewarden.fi\/index.php\/tuote\/bikewarden-heijastin-paikantimella\/","og_site_name":"BikeWarden","article_publisher":"https:\/\/www.facebook.com\/profile.php?id=61580746236894","article_modified_time":"2025-12-03T15:45:10+00:00","og_image":[{"width":1024,"height":1536,"url":"https:\/\/bikewarden.fi\/wp-content\/uploads\/2025\/10\/Heijastin_Apple.webp","type":"image\/webp"}],"twitter_card":"summary_large_image","twitter_misc":{"Arvioitu lukuaika":"1 minuutti"},"schema":{"@context":"https:\/\/schema.org","@graph":[{"@type":"WebPage","@id":"https:\/\/bikewarden.fi\/index.php\/tuote\/bikewarden-heijastin-paikantimella\/","url":"https:\/\/bikewarden.fi\/index.php\/tuote\/bikewarden-heijastin-paikantimella\/","name":"BikeWarden heijastin paikantimella - Find My (Apple) - BikeWarden","isPartOf":{"@id":"https:\/\/bikewarden.fi\/#website"},"primaryImageOfPage":{"@id":"https:\/\/bikewarden.fi\/index.php\/tuote\/bikewarden-heijastin-paikantimella\/#primaryimage"},"image":{"@id":"https:\/\/bikewarden.fi\/index.php\/tuote\/bikewarden-heijastin-paikantimella\/#primaryimage"},"thumbnailUrl":"https:\/\/bikewarden.fi\/wp-content\/uploads\/2025\/10\/Heijastin_Apple.webp","datePublished":"2025-10-15T13:17:09+00:00","dateModified":"2025-12-03T15:45:10+00:00","description":"Piilotettu paikannin polkupy\u00f6r\u00e4lle. Auttaa seuraamaan py\u00f6r\u00e4si sijaintia ja tuo mielenrauhaa varkaustilanteissa, edullisesti. BikeWarden \u2013 py\u00f6r\u00e4si turvana","breadcrumb":{"@id":"https:\/\/bikewarden.fi\/index.php\/tuote\/bikewarden-heijastin-paikantimella\/#breadcrumb"},"inLanguage":"fi","potentialAction":[{"@type":"ReadAction","target":["https:\/\/bikewarden.fi\/index.php\/tuote\/bikewarden-heijastin-paikantimella\/"]}]},{"@type":"ImageObject","inLanguage":"fi","@id":"https:\/\/bikewarden.fi\/index.php\/tuote\/bikewarden-heijastin-paikantimella\/#primaryimage","url":"https:\/\/bikewarden.fi\/wp-content\/uploads\/2025\/10\/Heijastin_Apple.webp","contentUrl":"https:\/\/bikewarden.fi\/wp-content\/uploads\/2025\/10\/Heijastin_Apple.webp","width":1024,"height":1536},{"@type":"BreadcrumbList","@id":"https:\/\/bikewarden.fi\/index.php\/tuote\/bikewarden-heijastin-paikantimella\/#breadcrumb","itemListElement":[{"@type":"ListItem","position":1,"name":"Etusivu","item":"https:\/\/bikewarden.fi\/"},{"@type":"ListItem","position":2,"name":"Kauppa","item":"https:\/\/bikewarden.fi\/"},{"@type":"ListItem","position":3,"name":"BikeWarden heijastin paikantimella &#8211; Find My (Apple)"}]},{"@type":"WebSite","@id":"https:\/\/bikewarden.fi\/#website","url":"https:\/\/bikewarden.fi\/","name":"BikeWarden","description":"BikeWarden \u2013 Huomaamattomat GPS-paikantimet py\u00f6r\u00e4si turvaksi.","publisher":{"@id":"https:\/\/bikewarden.fi\/#organization"},"potentialAction":[{"@type":"SearchAction","target":{"@type":"EntryPoint","urlTemplate":"https:\/\/bikewarden.fi\/?s={search_term_string}"},"query-input":{"@type":"PropertyValueSpecification","valueRequired":true,"valueName":"search_term_string"}}],"inLanguage":"fi"},{"@type":"Organization","@id":"https:\/\/bikewarden.fi\/#organization","name":"BikeWarden","url":"https:\/\/bikewarden.fi\/","logo":{"@type":"ImageObject","inLanguage":"fi","@id":"https:\/\/bikewarden.fi\/#\/schema\/logo\/image\/","url":"https:\/\/bikewarden.fi\/wp-content\/uploads\/2025\/10\/Logo1.webp","contentUrl":"https:\/\/bikewarden.fi\/wp-content\/uploads\/2025\/10\/Logo1.webp","width":927,"height":630,"caption":"BikeWarden"},"image":{"@id":"https:\/\/bikewarden.fi\/#\/schema\/logo\/image\/"},"sameAs":["https:\/\/www.facebook.com\/profile.php?id=61580746236894","https:\/\/www.instagram.com\/bikewarden_official\/"]}]}},"jetpack_sharing_enabled":true,"_links":{"self":[{"href":"https:\/\/bikewarden.fi\/index.php\/wp-json\/wp\/v2\/product\/118","targetHints":{"allow":["GET"]}}],"collection":[{"href":"https:\/\/bikewarden.fi\/index.php\/wp-json\/wp\/v2\/product"}],"about":[{"href":"https:\/\/bikewarden.fi\/index.php\/wp-json\/wp\/v2\/types\/product"}],"replies":[{"embeddable":true,"href":"https:\/\/bikewarden.fi\/index.php\/wp-json\/wp\/v2\/comments?post=118"}],"wp:featuredmedia":[{"embeddable":true,"href":"https:\/\/bikewarden.fi\/index.php\/wp-json\/wp\/v2\/media\/341"}],"wp:attachment":[{"href":"https:\/\/bikewarden.fi\/index.php\/wp-json\/wp\/v2\/media?parent=118"}],"wp:term":[{"taxonomy":"product_brand","embeddable":true,"href":"https:\/\/bikewarden.fi\/index.php\/wp-json\/wp\/v2\/product_brand?post=118"},{"taxonomy":"product_cat","embeddable":true,"href":"https:\/\/bikewarden.fi\/index.php\/wp-json\/wp\/v2\/product_cat?post=118"},{"taxonomy":"product_tag","embeddable":true,"href":"https:\/\/bikewarden.fi\/index.php\/wp-json\/wp\/v2\/product_tag?post=118"}],"curies":[{"name":"wp","href":"https:\/\/api.w.org\/{rel}","templated":true}]}}