{"id":2,"date":"2025-09-19T18:31:12","date_gmt":"2025-09-19T18:31:12","guid":{"rendered":"https:\/\/bikewarden.fi\/?page_id=2"},"modified":"2025-10-27T12:11:07","modified_gmt":"2025-10-27T12:11:07","slug":"sample-page","status":"publish","type":"page","link":"https:\/\/bikewarden.fi\/index.php\/sample-page\/","title":{"rendered":"Tietoa meist\u00e4"},"content":{"rendered":"\n<p><\/p>\n\n\n\n<h2 class=\"wp-block-heading\">\ud83d\udee1\ufe0f <strong>BikeWarden \u2013 Py\u00f6r\u00e4si huomaamaton vartija<\/strong><\/h2>\n\n\n\n<p><strong>BikeWarden<\/strong> on suomalainen, Jyv\u00e4skyl\u00e4ss\u00e4 toimiva pienyritys, joka tarjoaa tyylikk\u00e4it\u00e4 ja huomaamattomia ratkaisuja polkupy\u00f6rien turvallisuuteen.<\/p>\n\n\n\n<p>Suomessa varastetaan kymmeni\u00e4 polkupy\u00f6ri\u00e4 joka p\u00e4iv\u00e4 \u2013 pelk\u00e4st\u00e4\u00e4n vuonna 2024 ilmoitettiin yli <strong>17 000 py\u00f6r\u00e4varkautta<\/strong>, joista vain pieni osa palautui omistajilleen.<br>Me halusimme tehd\u00e4 asialle jotain.<\/p>\n\n\n\n<p>BikeWarden syntyi halusta tarjota <strong>helppo ja edullinen tapa suojata py\u00f6r\u00e4si<\/strong>.<br>Valikoimastamme l\u00f6yd\u00e4t tuotteet, joissa <strong>turvallisuus on piilotettu n\u00e4kyville<\/strong>: pullotelineeseen, soittokelloon ja heijastimeen integroidut GPS-paikantimet sulautuvat py\u00f6r\u00e4\u00e4n niin huomaamattomasti, ettei kukaan arvaa niiden olemassaoloa.<\/p>\n\n\n\n<p>Kaikki tuotteemme ovat yhteensopivia <strong>Applen Find My-<\/strong> tai <strong>Androidin Find My Device-verkkojen<\/strong> kanssa.<br>Voit seurata ja paikantaa py\u00f6r\u00e4si helposti omalla puhelimellasi \u2014 ilman erillisi\u00e4 sovelluksia tai kuukausimaksuja.<\/p>\n\n\n\n<p>Toimimme <strong>Jyv\u00e4skyl\u00e4st\u00e4 k\u00e4sin<\/strong>, ja l\u00e4het\u00e4mme tuotteet <strong>suoraan Suomen varastostamme<\/strong>.<br>Kaikki tilaukset k\u00e4sitell\u00e4\u00e4n nopeasti, ja ne l\u00e4htev\u00e4t postiin viimeist\u00e4\u00e4n seuraavana arkip\u00e4iv\u00e4n\u00e4.<\/p>\n\n\n\n<p>BikeWarden yhdist\u00e4\u00e4 <strong>k\u00e4yt\u00e4nn\u00f6llisyyden, teknologian ja turvallisuuden<\/strong> \u2014 jotta sinun ei en\u00e4\u00e4 tarvitse mietti\u00e4, onko py\u00f6r\u00e4si siell\u00e4, minne sen j\u00e4tit.<\/p>\n","protected":false},"excerpt":{"rendered":"<p>\ud83d\udee1\ufe0f BikeWarden \u2013 Py\u00f6r\u00e4si huomaamaton vartija BikeWarden on suomalainen, Jyv\u00e4skyl\u00e4ss\u00e4 toimiva pienyritys, joka tarjoaa tyylikk\u00e4it\u00e4 ja huomaamattomia ratkaisuja polkupy\u00f6rien turvallisuuteen. Suomessa varastetaan kymmeni\u00e4 polkupy\u00f6ri\u00e4 joka p\u00e4iv\u00e4 \u2013 pelk\u00e4st\u00e4\u00e4n vuonna 2024 ilmoitettiin yli 17 000 py\u00f6r\u00e4varkautta, joista vain pieni osa palautui omistajilleen.Me halusimme tehd\u00e4 asialle jotain. BikeWarden syntyi halusta tarjota helppo ja edullinen tapa suojata py\u00f6r\u00e4si.Valikoimastamme<\/p>\n<div class=\"more-link\">\n\t\t\t\t <a href=\"https:\/\/bikewarden.fi\/index.php\/sample-page\/\" class=\"btn theme-btn\"><span>Continue Reading <\/span><i class=\"icofont-thin-double-right\"><\/i><\/a>\n\t\t\t<\/div>\n","protected":false},"author":1,"featured_media":0,"parent":0,"menu_order":0,"comment_status":"closed","ping_status":"open","template":"","meta":{"two_page_speed":[],"footnotes":""},"class_list":["post-2","page","type-page","status-publish","hentry"],"yoast_head":"<!-- This site is optimized with the Yoast SEO plugin v27.1.1 - https:\/\/yoast.com\/product\/yoast-seo-wordpress\/ -->\n<title>Tietoa meist\u00e4 - BikeWarden<\/title>\n<meta name=\"description\" content=\"Tietoa meist\u00e4 - BikeWarden on suomalainen py\u00f6r\u00e4ilyvarusteiden verkkokauppa, joka yhdist\u00e4\u00e4 tyylin ja turvallisuuden. Tutustu yritykseemme.\" \/>\n<meta name=\"robots\" content=\"index, follow, max-snippet:-1, max-image-preview:large, max-video-preview:-1\" \/>\n<link rel=\"canonical\" href=\"https:\/\/bikewarden.fi\/index.php\/sample-page\/\" \/>\n<meta property=\"og:locale\" content=\"fi_FI\" \/>\n<meta property=\"og:type\" content=\"article\" \/>\n<meta property=\"og:title\" content=\"Tietoa meist\u00e4 - BikeWarden\" \/>\n<meta property=\"og:description\" content=\"Tietoa meist\u00e4 - BikeWarden on suomalainen py\u00f6r\u00e4ilyvarusteiden verkkokauppa, joka yhdist\u00e4\u00e4 tyylin ja turvallisuuden. Tutustu yritykseemme.\" \/>\n<meta property=\"og:url\" content=\"https:\/\/bikewarden.fi\/index.php\/sample-page\/\" \/>\n<meta property=\"og:site_name\" content=\"BikeWarden\" \/>\n<meta property=\"article:publisher\" content=\"https:\/\/www.facebook.com\/profile.php?id=61580746236894\" \/>\n<meta property=\"article:modified_time\" content=\"2025-10-27T12:11:07+00:00\" \/>\n<meta name=\"twitter:card\" content=\"summary_large_image\" \/>\n<meta name=\"twitter:label1\" content=\"Arvioitu lukuaika\" \/>\n\t<meta name=\"twitter:data1\" content=\"1 minuutti\" \/>\n<script type=\"application\/ld+json\" class=\"yoast-schema-graph\">{\"@context\":\"https:\/\/schema.org\",\"@graph\":[{\"@type\":\"WebPage\",\"@id\":\"https:\/\/bikewarden.fi\/index.php\/sample-page\/\",\"url\":\"https:\/\/bikewarden.fi\/index.php\/sample-page\/\",\"name\":\"Tietoa meist\u00e4 - BikeWarden\",\"isPartOf\":{\"@id\":\"https:\/\/bikewarden.fi\/#website\"},\"datePublished\":\"2025-09-19T18:31:12+00:00\",\"dateModified\":\"2025-10-27T12:11:07+00:00\",\"description\":\"Tietoa meist\u00e4 - BikeWarden on suomalainen py\u00f6r\u00e4ilyvarusteiden verkkokauppa, joka yhdist\u00e4\u00e4 tyylin ja turvallisuuden. Tutustu yritykseemme.\",\"breadcrumb\":{\"@id\":\"https:\/\/bikewarden.fi\/index.php\/sample-page\/#breadcrumb\"},\"inLanguage\":\"fi\",\"potentialAction\":[{\"@type\":\"ReadAction\",\"target\":[\"https:\/\/bikewarden.fi\/index.php\/sample-page\/\"]}]},{\"@type\":\"BreadcrumbList\",\"@id\":\"https:\/\/bikewarden.fi\/index.php\/sample-page\/#breadcrumb\",\"itemListElement\":[{\"@type\":\"ListItem\",\"position\":1,\"name\":\"Etusivu\",\"item\":\"https:\/\/bikewarden.fi\/\"},{\"@type\":\"ListItem\",\"position\":2,\"name\":\"Tietoa meist\u00e4\"}]},{\"@type\":\"WebSite\",\"@id\":\"https:\/\/bikewarden.fi\/#website\",\"url\":\"https:\/\/bikewarden.fi\/\",\"name\":\"BikeWarden\",\"description\":\"BikeWarden \u2013 Huomaamattomat GPS-paikantimet py\u00f6r\u00e4si turvaksi.\",\"publisher\":{\"@id\":\"https:\/\/bikewarden.fi\/#organization\"},\"potentialAction\":[{\"@type\":\"SearchAction\",\"target\":{\"@type\":\"EntryPoint\",\"urlTemplate\":\"https:\/\/bikewarden.fi\/?s={search_term_string}\"},\"query-input\":{\"@type\":\"PropertyValueSpecification\",\"valueRequired\":true,\"valueName\":\"search_term_string\"}}],\"inLanguage\":\"fi\"},{\"@type\":\"Organization\",\"@id\":\"https:\/\/bikewarden.fi\/#organization\",\"name\":\"BikeWarden\",\"url\":\"https:\/\/bikewarden.fi\/\",\"logo\":{\"@type\":\"ImageObject\",\"inLanguage\":\"fi\",\"@id\":\"https:\/\/bikewarden.fi\/#\/schema\/logo\/image\/\",\"url\":\"https:\/\/bikewarden.fi\/wp-content\/uploads\/2025\/10\/Logo1.webp\",\"contentUrl\":\"https:\/\/bikewarden.fi\/wp-content\/uploads\/2025\/10\/Logo1.webp\",\"width\":927,\"height\":630,\"caption\":\"BikeWarden\"},\"image\":{\"@id\":\"https:\/\/bikewarden.fi\/#\/schema\/logo\/image\/\"},\"sameAs\":[\"https:\/\/www.facebook.com\/profile.php?id=61580746236894\",\"https:\/\/www.instagram.com\/bikewarden_official\/\"]}]}<\/script>\n<!-- \/ Yoast SEO plugin. -->","yoast_head_json":{"title":"Tietoa meist\u00e4 - BikeWarden","description":"Tietoa meist\u00e4 - BikeWarden on suomalainen py\u00f6r\u00e4ilyvarusteiden verkkokauppa, joka yhdist\u00e4\u00e4 tyylin ja turvallisuuden. Tutustu yritykseemme.","robots":{"index":"index","follow":"follow","max-snippet":"max-snippet:-1","max-image-preview":"max-image-preview:large","max-video-preview":"max-video-preview:-1"},"canonical":"https:\/\/bikewarden.fi\/index.php\/sample-page\/","og_locale":"fi_FI","og_type":"article","og_title":"Tietoa meist\u00e4 - BikeWarden","og_description":"Tietoa meist\u00e4 - BikeWarden on suomalainen py\u00f6r\u00e4ilyvarusteiden verkkokauppa, joka yhdist\u00e4\u00e4 tyylin ja turvallisuuden. Tutustu yritykseemme.","og_url":"https:\/\/bikewarden.fi\/index.php\/sample-page\/","og_site_name":"BikeWarden","article_publisher":"https:\/\/www.facebook.com\/profile.php?id=61580746236894","article_modified_time":"2025-10-27T12:11:07+00:00","twitter_card":"summary_large_image","twitter_misc":{"Arvioitu lukuaika":"1 minuutti"},"schema":{"@context":"https:\/\/schema.org","@graph":[{"@type":"WebPage","@id":"https:\/\/bikewarden.fi\/index.php\/sample-page\/","url":"https:\/\/bikewarden.fi\/index.php\/sample-page\/","name":"Tietoa meist\u00e4 - BikeWarden","isPartOf":{"@id":"https:\/\/bikewarden.fi\/#website"},"datePublished":"2025-09-19T18:31:12+00:00","dateModified":"2025-10-27T12:11:07+00:00","description":"Tietoa meist\u00e4 - BikeWarden on suomalainen py\u00f6r\u00e4ilyvarusteiden verkkokauppa, joka yhdist\u00e4\u00e4 tyylin ja turvallisuuden. Tutustu yritykseemme.","breadcrumb":{"@id":"https:\/\/bikewarden.fi\/index.php\/sample-page\/#breadcrumb"},"inLanguage":"fi","potentialAction":[{"@type":"ReadAction","target":["https:\/\/bikewarden.fi\/index.php\/sample-page\/"]}]},{"@type":"BreadcrumbList","@id":"https:\/\/bikewarden.fi\/index.php\/sample-page\/#breadcrumb","itemListElement":[{"@type":"ListItem","position":1,"name":"Etusivu","item":"https:\/\/bikewarden.fi\/"},{"@type":"ListItem","position":2,"name":"Tietoa meist\u00e4"}]},{"@type":"WebSite","@id":"https:\/\/bikewarden.fi\/#website","url":"https:\/\/bikewarden.fi\/","name":"BikeWarden","description":"BikeWarden \u2013 Huomaamattomat GPS-paikantimet py\u00f6r\u00e4si turvaksi.","publisher":{"@id":"https:\/\/bikewarden.fi\/#organization"},"potentialAction":[{"@type":"SearchAction","target":{"@type":"EntryPoint","urlTemplate":"https:\/\/bikewarden.fi\/?s={search_term_string}"},"query-input":{"@type":"PropertyValueSpecification","valueRequired":true,"valueName":"search_term_string"}}],"inLanguage":"fi"},{"@type":"Organization","@id":"https:\/\/bikewarden.fi\/#organization","name":"BikeWarden","url":"https:\/\/bikewarden.fi\/","logo":{"@type":"ImageObject","inLanguage":"fi","@id":"https:\/\/bikewarden.fi\/#\/schema\/logo\/image\/","url":"https:\/\/bikewarden.fi\/wp-content\/uploads\/2025\/10\/Logo1.webp","contentUrl":"https:\/\/bikewarden.fi\/wp-content\/uploads\/2025\/10\/Logo1.webp","width":927,"height":630,"caption":"BikeWarden"},"image":{"@id":"https:\/\/bikewarden.fi\/#\/schema\/logo\/image\/"},"sameAs":["https:\/\/www.facebook.com\/profile.php?id=61580746236894","https:\/\/www.instagram.com\/bikewarden_official\/"]}]}},"jetpack_sharing_enabled":true,"_links":{"self":[{"href":"https:\/\/bikewarden.fi\/index.php\/wp-json\/wp\/v2\/pages\/2","targetHints":{"allow":["GET"]}}],"collection":[{"href":"https:\/\/bikewarden.fi\/index.php\/wp-json\/wp\/v2\/pages"}],"about":[{"href":"https:\/\/bikewarden.fi\/index.php\/wp-json\/wp\/v2\/types\/page"}],"author":[{"embeddable":true,"href":"https:\/\/bikewarden.fi\/index.php\/wp-json\/wp\/v2\/users\/1"}],"replies":[{"embeddable":true,"href":"https:\/\/bikewarden.fi\/index.php\/wp-json\/wp\/v2\/comments?post=2"}],"version-history":[{"count":4,"href":"https:\/\/bikewarden.fi\/index.php\/wp-json\/wp\/v2\/pages\/2\/revisions"}],"predecessor-version":[{"id":181,"href":"https:\/\/bikewarden.fi\/index.php\/wp-json\/wp\/v2\/pages\/2\/revisions\/181"}],"wp:attachment":[{"href":"https:\/\/bikewarden.fi\/index.php\/wp-json\/wp\/v2\/media?parent=2"}],"curies":[{"name":"wp","href":"https:\/\/api.w.org\/{rel}","templated":true}]}}